{"id":1964,"date":"2024-10-28T05:39:05","date_gmt":"2024-10-28T04:39:05","guid":{"rendered":"https:\/\/steelproc.com\/blog\/"},"modified":"2025-01-29T15:49:21","modified_gmt":"2025-01-29T14:49:21","slug":"blog","status":"publish","type":"page","link":"https:\/\/steelproc.com\/es\/blog\/","title":{"rendered":"Blog"},"content":{"rendered":"\t\t<div data-elementor-type=\"wp-page\" data-elementor-id=\"1964\" class=\"elementor elementor-1964 elementor-1310\" data-elementor-post-type=\"page\">\n\t\t\t\t<div class=\"elementor-element elementor-element-ee4d62d e-flex e-con-boxed e-con e-parent\" data-id=\"ee4d62d\" data-element_type=\"container\" data-e-type=\"container\" data-settings=\"{&quot;background_background&quot;:&quot;classic&quot;}\">\n\t\t\t\t\t<div class=\"e-con-inner\">\n\t\t\t\t<div class=\"elementor-element elementor-element-055e411 elementor-widget elementor-widget-heading\" data-id=\"055e411\" data-element_type=\"widget\" data-e-type=\"widget\" data-widget_type=\"heading.default\">\n\t\t\t\t<div class=\"elementor-widget-container\">\n\t\t\t\t\t<h2 class=\"elementor-heading-title elementor-size-default\">Blog<\/h2>\t\t\t\t<\/div>\n\t\t\t\t<\/div>\n\t\t\t\t\t<\/div>\n\t\t\t\t<\/div>\n\t\t<div class=\"elementor-element elementor-element-9ab8dae e-flex e-con-boxed e-con e-parent\" data-id=\"9ab8dae\" data-element_type=\"container\" data-e-type=\"container\">\n\t\t\t\t\t<div class=\"e-con-inner\">\n\t\t<div class=\"elementor-element elementor-element-f67c383 e-con-full e-flex e-con e-child\" data-id=\"f67c383\" data-element_type=\"container\" data-e-type=\"container\">\n\t\t\t\t<div class=\"elementor-element elementor-element-c0177d3 elementor-grid-3 elementor-grid-tablet-2 elementor-grid-mobile-1 elementor-posts--thumbnail-top elementor-card-shadow-yes elementor-posts__hover-gradient elementor-widget elementor-widget-posts\" data-id=\"c0177d3\" data-element_type=\"widget\" data-e-type=\"widget\" data-settings=\"{&quot;cards_columns&quot;:&quot;3&quot;,&quot;cards_columns_tablet&quot;:&quot;2&quot;,&quot;cards_columns_mobile&quot;:&quot;1&quot;,&quot;cards_row_gap&quot;:{&quot;unit&quot;:&quot;px&quot;,&quot;size&quot;:35,&quot;sizes&quot;:[]},&quot;cards_row_gap_tablet&quot;:{&quot;unit&quot;:&quot;px&quot;,&quot;size&quot;:&quot;&quot;,&quot;sizes&quot;:[]},&quot;cards_row_gap_mobile&quot;:{&quot;unit&quot;:&quot;px&quot;,&quot;size&quot;:&quot;&quot;,&quot;sizes&quot;:[]}}\" data-widget_type=\"posts.cards\">\n\t\t\t\t<div class=\"elementor-widget-container\">\n\t\t\t\t\t\t\t<div class=\"elementor-posts-container elementor-posts elementor-posts--skin-cards elementor-grid\">\n\t\t\t\t<article class=\"elementor-post elementor-grid-item post-2014 post type-post status-publish format-standard has-post-thumbnail hentry category-blog-es\">\n\t\t\t<div class=\"elementor-post__card\">\n\t\t\t\t<a class=\"elementor-post__thumbnail__link\" href=\"https:\/\/steelproc.com\/es\/blog-es\/prevision-del-mercado-del-acero-para-2025-que-hay-en-el-horizonte\/\" tabindex=\"-1\" ><div class=\"elementor-post__thumbnail\"><img fetchpriority=\"high\" decoding=\"async\" width=\"1200\" height=\"900\" src=\"https:\/\/steelproc.com\/wp-content\/uploads\/2024\/10\/Steel-Market-Forecast-for-2025-Whats-on-the-Horizon.png\" class=\"attachment-full size-full wp-image-1939\" alt=\"\" srcset=\"https:\/\/steelproc.com\/wp-content\/uploads\/2024\/10\/Steel-Market-Forecast-for-2025-Whats-on-the-Horizon.png 1200w, https:\/\/steelproc.com\/wp-content\/uploads\/2024\/10\/Steel-Market-Forecast-for-2025-Whats-on-the-Horizon-300x225.png 300w, https:\/\/steelproc.com\/wp-content\/uploads\/2024\/10\/Steel-Market-Forecast-for-2025-Whats-on-the-Horizon-1024x768.png 1024w, https:\/\/steelproc.com\/wp-content\/uploads\/2024\/10\/Steel-Market-Forecast-for-2025-Whats-on-the-Horizon-768x576.png 768w, https:\/\/steelproc.com\/wp-content\/uploads\/2024\/10\/Steel-Market-Forecast-for-2025-Whats-on-the-Horizon-16x12.png 16w\" sizes=\"(max-width: 1200px) 100vw, 1200px\" \/><\/div><\/a>\n\t\t\t\t<div class=\"elementor-post__badge\">Blog<\/div>\n\t\t\t\t<div class=\"elementor-post__text\">\n\t\t\t\t<h3 class=\"elementor-post__title\">\n\t\t\t<a href=\"https:\/\/steelproc.com\/es\/blog-es\/prevision-del-mercado-del-acero-para-2025-que-hay-en-el-horizonte\/\" >\n\t\t\t\tPrevisi\u00f3n del mercado del acero para 2025: \u00bfQu\u00e9 hay en el horizonte?\t\t\t<\/a>\n\t\t<\/h3>\n\t\t\t\t<div class=\"elementor-post__excerpt\">\n\t\t\t<p>La industria sider\u00fargica est\u00e1 constantemente moldeada por las cambiantes condiciones econ\u00f3micas, las pol\u00edticas gubernamentales y<\/p>\n\t\t<\/div>\n\t\t\n\t\t<a class=\"elementor-post__read-more\" href=\"https:\/\/steelproc.com\/es\/blog-es\/prevision-del-mercado-del-acero-para-2025-que-hay-en-el-horizonte\/\" aria-label=\"Read more about Previsi\u00f3n del mercado del acero para 2025: \u00bfQu\u00e9 hay en el horizonte?\" tabindex=\"-1\" >\n\t\t\tLeer m\u00e1s \u00bb\t\t<\/a>\n\n\t\t\t\t<\/div>\n\t\t\t\t<div class=\"elementor-post__meta-data\">\n\t\t\t\t\t<span class=\"elementor-post-date\">\n\t\t\t30 de octubre de 2024\t\t<\/span>\n\t\t\t\t<\/div>\n\t\t\t\t\t<\/div>\n\t\t<\/article>\n\t\t\t\t<article class=\"elementor-post elementor-grid-item post-2015 post type-post status-publish format-standard has-post-thumbnail hentry category-blog-es\">\n\t\t\t<div class=\"elementor-post__card\">\n\t\t\t\t<a class=\"elementor-post__thumbnail__link\" href=\"https:\/\/steelproc.com\/es\/blog-es\/como-el-software-de-aprovisionamiento-esta-revolucionando-la-industria-siderurgica\/\" tabindex=\"-1\" ><div class=\"elementor-post__thumbnail\"><img decoding=\"async\" width=\"1024\" height=\"640\" src=\"https:\/\/steelproc.com\/wp-content\/uploads\/2024\/10\/Steel-Industry-4.0-1024x640-1.jpg\" class=\"attachment-full size-full wp-image-1942\" alt=\"\" srcset=\"https:\/\/steelproc.com\/wp-content\/uploads\/2024\/10\/Steel-Industry-4.0-1024x640-1.jpg 1024w, https:\/\/steelproc.com\/wp-content\/uploads\/2024\/10\/Steel-Industry-4.0-1024x640-1-300x188.jpg 300w, https:\/\/steelproc.com\/wp-content\/uploads\/2024\/10\/Steel-Industry-4.0-1024x640-1-768x480.jpg 768w, https:\/\/steelproc.com\/wp-content\/uploads\/2024\/10\/Steel-Industry-4.0-1024x640-1-18x12.jpg 18w\" sizes=\"(max-width: 1024px) 100vw, 1024px\" \/><\/div><\/a>\n\t\t\t\t<div class=\"elementor-post__badge\">Blog<\/div>\n\t\t\t\t<div class=\"elementor-post__text\">\n\t\t\t\t<h3 class=\"elementor-post__title\">\n\t\t\t<a href=\"https:\/\/steelproc.com\/es\/blog-es\/como-el-software-de-aprovisionamiento-esta-revolucionando-la-industria-siderurgica\/\" >\n\t\t\t\tC\u00f3mo el software de aprovisionamiento est\u00e1 revolucionando la industria sider\u00fargica\t\t\t<\/a>\n\t\t<\/h3>\n\t\t\t\t<div class=\"elementor-post__excerpt\">\n\t\t\t<p>Gestionar la cadena de suministro en la industria sider\u00fargica no es tarea f\u00e1cil. Desde la<\/p>\n\t\t<\/div>\n\t\t\n\t\t<a class=\"elementor-post__read-more\" href=\"https:\/\/steelproc.com\/es\/blog-es\/como-el-software-de-aprovisionamiento-esta-revolucionando-la-industria-siderurgica\/\" aria-label=\"Read more about C\u00f3mo el software de aprovisionamiento est\u00e1 revolucionando la industria sider\u00fargica\" tabindex=\"-1\" >\n\t\t\tLeer m\u00e1s \u00bb\t\t<\/a>\n\n\t\t\t\t<\/div>\n\t\t\t\t<div class=\"elementor-post__meta-data\">\n\t\t\t\t\t<span class=\"elementor-post-date\">\n\t\t\t30 de octubre de 2024\t\t<\/span>\n\t\t\t\t<\/div>\n\t\t\t\t\t<\/div>\n\t\t<\/article>\n\t\t\t\t<article class=\"elementor-post elementor-grid-item post-2016 post type-post status-publish format-standard has-post-thumbnail hentry category-blog-es\">\n\t\t\t<div class=\"elementor-post__card\">\n\t\t\t\t<a class=\"elementor-post__thumbnail__link\" href=\"https:\/\/steelproc.com\/es\/blog-es\/hrc-crc-y-hdg-diferencias-y-usos-de-los-tipos-de-bobinas-de-acero\/\" tabindex=\"-1\" ><div class=\"elementor-post__thumbnail\"><img decoding=\"async\" width=\"1500\" height=\"1000\" src=\"https:\/\/steelproc.com\/wp-content\/uploads\/2024\/10\/warehouse-1.jpg\" class=\"attachment-full size-full wp-image-1936\" alt=\"\" srcset=\"https:\/\/steelproc.com\/wp-content\/uploads\/2024\/10\/warehouse-1.jpg 1500w, https:\/\/steelproc.com\/wp-content\/uploads\/2024\/10\/warehouse-1-300x200.jpg 300w, https:\/\/steelproc.com\/wp-content\/uploads\/2024\/10\/warehouse-1-1024x683.jpg 1024w, https:\/\/steelproc.com\/wp-content\/uploads\/2024\/10\/warehouse-1-768x512.jpg 768w, https:\/\/steelproc.com\/wp-content\/uploads\/2024\/10\/warehouse-1-18x12.jpg 18w\" sizes=\"(max-width: 1500px) 100vw, 1500px\" \/><\/div><\/a>\n\t\t\t\t<div class=\"elementor-post__badge\">Blog<\/div>\n\t\t\t\t<div class=\"elementor-post__text\">\n\t\t\t\t<h3 class=\"elementor-post__title\">\n\t\t\t<a href=\"https:\/\/steelproc.com\/es\/blog-es\/hrc-crc-y-hdg-diferencias-y-usos-de-los-tipos-de-bobinas-de-acero\/\" >\n\t\t\t\tHRC, CRC y HDG: Diferencias y usos de los tipos de bobinas de acero\t\t\t<\/a>\n\t\t<\/h3>\n\t\t\t\t<div class=\"elementor-post__excerpt\">\n\t\t\t<p>A la hora de elegir el acero, conocer las diferencias entre tipos como HRC, CRC<\/p>\n\t\t<\/div>\n\t\t\n\t\t<a class=\"elementor-post__read-more\" href=\"https:\/\/steelproc.com\/es\/blog-es\/hrc-crc-y-hdg-diferencias-y-usos-de-los-tipos-de-bobinas-de-acero\/\" aria-label=\"Read more about HRC, CRC y HDG: Diferencias y usos de los tipos de bobinas de acero\" tabindex=\"-1\" >\n\t\t\tLeer m\u00e1s \u00bb\t\t<\/a>\n\n\t\t\t\t<\/div>\n\t\t\t\t<div class=\"elementor-post__meta-data\">\n\t\t\t\t\t<span class=\"elementor-post-date\">\n\t\t\t30 de octubre de 2024\t\t<\/span>\n\t\t\t\t<\/div>\n\t\t\t\t\t<\/div>\n\t\t<\/article>\n\t\t\t\t<article class=\"elementor-post elementor-grid-item post-2017 post type-post status-publish format-standard has-post-thumbnail hentry category-blog-es\">\n\t\t\t<div class=\"elementor-post__card\">\n\t\t\t\t<a class=\"elementor-post__thumbnail__link\" href=\"https:\/\/steelproc.com\/es\/blog-es\/que-es-la-automatizacion-de-las-peticiones-de-oferta-y-como-beneficia-a-los-compradores-de-acero\/\" tabindex=\"-1\" ><div class=\"elementor-post__thumbnail\"><img loading=\"lazy\" decoding=\"async\" width=\"1001\" height=\"1500\" src=\"https:\/\/steelproc.com\/wp-content\/uploads\/2024\/10\/923-1.jpg\" class=\"attachment-full size-full wp-image-1828\" alt=\"\" srcset=\"https:\/\/steelproc.com\/wp-content\/uploads\/2024\/10\/923-1.jpg 1001w, https:\/\/steelproc.com\/wp-content\/uploads\/2024\/10\/923-1-200x300.jpg 200w, https:\/\/steelproc.com\/wp-content\/uploads\/2024\/10\/923-1-683x1024.jpg 683w, https:\/\/steelproc.com\/wp-content\/uploads\/2024\/10\/923-1-768x1151.jpg 768w\" sizes=\"(max-width: 1001px) 100vw, 1001px\" \/><\/div><\/a>\n\t\t\t\t<div class=\"elementor-post__badge\">Blog<\/div>\n\t\t\t\t<div class=\"elementor-post__text\">\n\t\t\t\t<h3 class=\"elementor-post__title\">\n\t\t\t<a href=\"https:\/\/steelproc.com\/es\/blog-es\/que-es-la-automatizacion-de-las-peticiones-de-oferta-y-como-beneficia-a-los-compradores-de-acero\/\" >\n\t\t\t\t\u00bfQu\u00e9 es la automatizaci\u00f3n de las peticiones de oferta y c\u00f3mo beneficia a los compradores de acero?\t\t\t<\/a>\n\t\t<\/h3>\n\t\t\t\t<div class=\"elementor-post__excerpt\">\n\t\t\t<p>El proceso de petici\u00f3n de oferta (RFQ) es esencial para los compradores de acero. Sin<\/p>\n\t\t<\/div>\n\t\t\n\t\t<a class=\"elementor-post__read-more\" href=\"https:\/\/steelproc.com\/es\/blog-es\/que-es-la-automatizacion-de-las-peticiones-de-oferta-y-como-beneficia-a-los-compradores-de-acero\/\" aria-label=\"Read more about \u00bfQu\u00e9 es la automatizaci\u00f3n de las peticiones de oferta y c\u00f3mo beneficia a los compradores de acero?\" tabindex=\"-1\" >\n\t\t\tLeer m\u00e1s \u00bb\t\t<\/a>\n\n\t\t\t\t<\/div>\n\t\t\t\t<div class=\"elementor-post__meta-data\">\n\t\t\t\t\t<span class=\"elementor-post-date\">\n\t\t\t29 de octubre de 2024\t\t<\/span>\n\t\t\t\t<\/div>\n\t\t\t\t\t<\/div>\n\t\t<\/article>\n\t\t\t\t<article class=\"elementor-post elementor-grid-item post-2018 post type-post status-publish format-standard has-post-thumbnail hentry category-blog-es\">\n\t\t\t<div class=\"elementor-post__card\">\n\t\t\t\t<a class=\"elementor-post__thumbnail__link\" href=\"https:\/\/steelproc.com\/es\/blog-es\/guia-completa-para-comprar-acero-en-linea-en-2024\/\" tabindex=\"-1\" ><div class=\"elementor-post__thumbnail\"><img loading=\"lazy\" decoding=\"async\" width=\"1500\" height=\"1000\" src=\"https:\/\/steelproc.com\/wp-content\/uploads\/2024\/10\/8093.jpg\" class=\"attachment-full size-full wp-image-1933\" alt=\"\" srcset=\"https:\/\/steelproc.com\/wp-content\/uploads\/2024\/10\/8093.jpg 1500w, https:\/\/steelproc.com\/wp-content\/uploads\/2024\/10\/8093-300x200.jpg 300w, https:\/\/steelproc.com\/wp-content\/uploads\/2024\/10\/8093-1024x683.jpg 1024w, https:\/\/steelproc.com\/wp-content\/uploads\/2024\/10\/8093-768x512.jpg 768w\" sizes=\"(max-width: 1500px) 100vw, 1500px\" \/><\/div><\/a>\n\t\t\t\t<div class=\"elementor-post__badge\">Blog<\/div>\n\t\t\t\t<div class=\"elementor-post__text\">\n\t\t\t\t<h3 class=\"elementor-post__title\">\n\t\t\t<a href=\"https:\/\/steelproc.com\/es\/blog-es\/guia-completa-para-comprar-acero-en-linea-en-2024\/\" >\n\t\t\t\tGu\u00eda completa para comprar acero en l\u00ednea en 2024\t\t\t<\/a>\n\t\t<\/h3>\n\t\t\t\t<div class=\"elementor-post__excerpt\">\n\t\t\t<p>La compra de acero en l\u00ednea ha revolucionado la industria, permitiendo a las empresas acceder<\/p>\n\t\t<\/div>\n\t\t\n\t\t<a class=\"elementor-post__read-more\" href=\"https:\/\/steelproc.com\/es\/blog-es\/guia-completa-para-comprar-acero-en-linea-en-2024\/\" aria-label=\"Read more about Gu\u00eda completa para comprar acero en l\u00ednea en 2024\" tabindex=\"-1\" >\n\t\t\tLeer m\u00e1s \u00bb\t\t<\/a>\n\n\t\t\t\t<\/div>\n\t\t\t\t<div class=\"elementor-post__meta-data\">\n\t\t\t\t\t<span class=\"elementor-post-date\">\n\t\t\t29 de octubre de 2024\t\t<\/span>\n\t\t\t\t<\/div>\n\t\t\t\t\t<\/div>\n\t\t<\/article>\n\t\t\t\t<\/div>\n\t\t\n\t\t\t\t\t\t<\/div>\n\t\t\t\t<\/div>\n\t\t\t\t<\/div>\n\t\t\t\t\t<\/div>\n\t\t\t\t<\/div>\n\t\t\t\t<\/div>\n\t\t","protected":false},"excerpt":{"rendered":"","protected":false},"author":1,"featured_media":0,"parent":0,"menu_order":0,"comment_status":"closed","ping_status":"closed","template":"","meta":{"footnotes":""},"class_list":["post-1964","page","type-page","status-publish","hentry"],"_links":{"self":[{"href":"https:\/\/steelproc.com\/es\/wp-json\/wp\/v2\/pages\/1964","targetHints":{"allow":["GET"]}}],"collection":[{"href":"https:\/\/steelproc.com\/es\/wp-json\/wp\/v2\/pages"}],"about":[{"href":"https:\/\/steelproc.com\/es\/wp-json\/wp\/v2\/types\/page"}],"author":[{"embeddable":true,"href":"https:\/\/steelproc.com\/es\/wp-json\/wp\/v2\/users\/1"}],"replies":[{"embeddable":true,"href":"https:\/\/steelproc.com\/es\/wp-json\/wp\/v2\/comments?post=1964"}],"version-history":[{"count":1,"href":"https:\/\/steelproc.com\/es\/wp-json\/wp\/v2\/pages\/1964\/revisions"}],"predecessor-version":[{"id":1965,"href":"https:\/\/steelproc.com\/es\/wp-json\/wp\/v2\/pages\/1964\/revisions\/1965"}],"wp:attachment":[{"href":"https:\/\/steelproc.com\/es\/wp-json\/wp\/v2\/media?parent=1964"}],"curies":[{"name":"wp","href":"https:\/\/api.w.org\/{rel}","templated":true}]}}