{"id":1962,"date":"2024-10-28T05:39:05","date_gmt":"2024-10-28T04:39:05","guid":{"rendered":"https:\/\/steelproc.com\/blog\/"},"modified":"2025-01-28T15:39:02","modified_gmt":"2025-01-28T14:39:02","slug":"blog","status":"publish","type":"page","link":"https:\/\/steelproc.com\/fr\/blog\/","title":{"rendered":"Blog"},"content":{"rendered":"\t\t<div data-elementor-type=\"wp-page\" data-elementor-id=\"1962\" class=\"elementor elementor-1962 elementor-1310\" data-elementor-post-type=\"page\">\n\t\t\t\t<div class=\"elementor-element elementor-element-ee4d62d e-flex e-con-boxed e-con e-parent\" data-id=\"ee4d62d\" data-element_type=\"container\" data-e-type=\"container\" data-settings=\"{&quot;background_background&quot;:&quot;classic&quot;}\">\n\t\t\t\t\t<div class=\"e-con-inner\">\n\t\t\t\t<div class=\"elementor-element elementor-element-055e411 elementor-widget elementor-widget-heading\" data-id=\"055e411\" data-element_type=\"widget\" data-e-type=\"widget\" data-widget_type=\"heading.default\">\n\t\t\t\t<div class=\"elementor-widget-container\">\n\t\t\t\t\t<h2 class=\"elementor-heading-title elementor-size-default\">Blog<\/h2>\t\t\t\t<\/div>\n\t\t\t\t<\/div>\n\t\t\t\t\t<\/div>\n\t\t\t\t<\/div>\n\t\t<div class=\"elementor-element elementor-element-9ab8dae e-flex e-con-boxed e-con e-parent\" data-id=\"9ab8dae\" data-element_type=\"container\" data-e-type=\"container\">\n\t\t\t\t\t<div class=\"e-con-inner\">\n\t\t<div class=\"elementor-element elementor-element-f67c383 e-con-full e-flex e-con e-child\" data-id=\"f67c383\" data-element_type=\"container\" data-e-type=\"container\">\n\t\t\t\t<div class=\"elementor-element elementor-element-c0177d3 elementor-grid-3 elementor-grid-tablet-2 elementor-grid-mobile-1 elementor-posts--thumbnail-top elementor-card-shadow-yes elementor-posts__hover-gradient elementor-widget elementor-widget-posts\" data-id=\"c0177d3\" data-element_type=\"widget\" data-e-type=\"widget\" data-settings=\"{&quot;cards_columns&quot;:&quot;3&quot;,&quot;cards_columns_tablet&quot;:&quot;2&quot;,&quot;cards_columns_mobile&quot;:&quot;1&quot;,&quot;cards_row_gap&quot;:{&quot;unit&quot;:&quot;px&quot;,&quot;size&quot;:35,&quot;sizes&quot;:[]},&quot;cards_row_gap_tablet&quot;:{&quot;unit&quot;:&quot;px&quot;,&quot;size&quot;:&quot;&quot;,&quot;sizes&quot;:[]},&quot;cards_row_gap_mobile&quot;:{&quot;unit&quot;:&quot;px&quot;,&quot;size&quot;:&quot;&quot;,&quot;sizes&quot;:[]}}\" data-widget_type=\"posts.cards\">\n\t\t\t\t<div class=\"elementor-widget-container\">\n\t\t\t\t\t\t\t<div class=\"elementor-posts-container elementor-posts elementor-posts--skin-cards elementor-grid\">\n\t\t\t\t<article class=\"elementor-post elementor-grid-item post-2021 post type-post status-publish format-standard has-post-thumbnail hentry category-blog-fr\">\n\t\t\t<div class=\"elementor-post__card\">\n\t\t\t\t<a class=\"elementor-post__thumbnail__link\" href=\"https:\/\/steelproc.com\/fr\/blog-fr\/previsions-du-marche-de-lacier-pour-2025-ce-qui-se-profile-a-lhorizon\/\" tabindex=\"-1\" ><div class=\"elementor-post__thumbnail\"><img fetchpriority=\"high\" decoding=\"async\" width=\"1200\" height=\"900\" src=\"https:\/\/steelproc.com\/wp-content\/uploads\/2024\/10\/Steel-Market-Forecast-for-2025-Whats-on-the-Horizon.png\" class=\"attachment-full size-full wp-image-1937\" alt=\"\" srcset=\"https:\/\/steelproc.com\/wp-content\/uploads\/2024\/10\/Steel-Market-Forecast-for-2025-Whats-on-the-Horizon.png 1200w, https:\/\/steelproc.com\/wp-content\/uploads\/2024\/10\/Steel-Market-Forecast-for-2025-Whats-on-the-Horizon-300x225.png 300w, https:\/\/steelproc.com\/wp-content\/uploads\/2024\/10\/Steel-Market-Forecast-for-2025-Whats-on-the-Horizon-1024x768.png 1024w, https:\/\/steelproc.com\/wp-content\/uploads\/2024\/10\/Steel-Market-Forecast-for-2025-Whats-on-the-Horizon-768x576.png 768w, https:\/\/steelproc.com\/wp-content\/uploads\/2024\/10\/Steel-Market-Forecast-for-2025-Whats-on-the-Horizon-16x12.png 16w\" sizes=\"(max-width: 1200px) 100vw, 1200px\" \/><\/div><\/a>\n\t\t\t\t<div class=\"elementor-post__badge\">Blog<\/div>\n\t\t\t\t<div class=\"elementor-post__text\">\n\t\t\t\t<h3 class=\"elementor-post__title\">\n\t\t\t<a href=\"https:\/\/steelproc.com\/fr\/blog-fr\/previsions-du-marche-de-lacier-pour-2025-ce-qui-se-profile-a-lhorizon\/\" >\n\t\t\t\tPr\u00e9visions du march\u00e9 de l&rsquo;acier pour 2025 : Qu&rsquo;est-ce qui se profile \u00e0 l&rsquo;horizon ?\t\t\t<\/a>\n\t\t<\/h3>\n\t\t\t\t<div class=\"elementor-post__excerpt\">\n\t\t\t<p>La industria sider\u00fargica est\u00e1 constantemente fa\u00e7onn\u00e9e par la evoluci\u00f3n de las condiciones econ\u00f3micas, de las<\/p>\n\t\t<\/div>\n\t\t\n\t\t<a class=\"elementor-post__read-more\" href=\"https:\/\/steelproc.com\/fr\/blog-fr\/previsions-du-marche-de-lacier-pour-2025-ce-qui-se-profile-a-lhorizon\/\" aria-label=\"Read more about Pr\u00e9visions du march\u00e9 de l&rsquo;acier pour 2025 : Qu&rsquo;est-ce qui se profile \u00e0 l&rsquo;horizon ?\" tabindex=\"-1\" >\n\t\t\tLire la suite \u00bb\t\t<\/a>\n\n\t\t\t\t<\/div>\n\t\t\t\t<div class=\"elementor-post__meta-data\">\n\t\t\t\t\t<span class=\"elementor-post-date\">\n\t\t\t30 de octobre de 2024\t\t<\/span>\n\t\t\t\t<\/div>\n\t\t\t\t\t<\/div>\n\t\t<\/article>\n\t\t\t\t<article class=\"elementor-post elementor-grid-item post-2023 post type-post status-publish format-standard has-post-thumbnail hentry category-blog-fr\">\n\t\t\t<div class=\"elementor-post__card\">\n\t\t\t\t<a class=\"elementor-post__thumbnail__link\" href=\"https:\/\/steelproc.com\/fr\/blog-fr\/comment-les-logiciels-dapprovisionnement-revolutionnent-lindustrie-siderurgique\/\" tabindex=\"-1\" ><div class=\"elementor-post__thumbnail\"><img decoding=\"async\" width=\"1024\" height=\"640\" src=\"https:\/\/steelproc.com\/wp-content\/uploads\/2024\/10\/Steel-Industry-4.0-1024x640-1.jpg\" class=\"attachment-full size-full wp-image-1940\" alt=\"\" srcset=\"https:\/\/steelproc.com\/wp-content\/uploads\/2024\/10\/Steel-Industry-4.0-1024x640-1.jpg 1024w, https:\/\/steelproc.com\/wp-content\/uploads\/2024\/10\/Steel-Industry-4.0-1024x640-1-300x188.jpg 300w, https:\/\/steelproc.com\/wp-content\/uploads\/2024\/10\/Steel-Industry-4.0-1024x640-1-768x480.jpg 768w, https:\/\/steelproc.com\/wp-content\/uploads\/2024\/10\/Steel-Industry-4.0-1024x640-1-18x12.jpg 18w\" sizes=\"(max-width: 1024px) 100vw, 1024px\" \/><\/div><\/a>\n\t\t\t\t<div class=\"elementor-post__badge\">Blog<\/div>\n\t\t\t\t<div class=\"elementor-post__text\">\n\t\t\t\t<h3 class=\"elementor-post__title\">\n\t\t\t<a href=\"https:\/\/steelproc.com\/fr\/blog-fr\/comment-les-logiciels-dapprovisionnement-revolutionnent-lindustrie-siderurgique\/\" >\n\t\t\t\tComment les logiciels d&rsquo;approvisionnement r\u00e9volutionnent l&rsquo;industrie sid\u00e9rurgique\t\t\t<\/a>\n\t\t<\/h3>\n\t\t\t\t<div class=\"elementor-post__excerpt\">\n\t\t\t<p>La gestion de la cha\u00eene d&rsquo;approvisionnement dans l&rsquo;industrie sid\u00e9rurgique n&rsquo;est pas une t\u00e2che facile. Qu&rsquo;il<\/p>\n\t\t<\/div>\n\t\t\n\t\t<a class=\"elementor-post__read-more\" href=\"https:\/\/steelproc.com\/fr\/blog-fr\/comment-les-logiciels-dapprovisionnement-revolutionnent-lindustrie-siderurgique\/\" aria-label=\"Read more about Comment les logiciels d&rsquo;approvisionnement r\u00e9volutionnent l&rsquo;industrie sid\u00e9rurgique\" tabindex=\"-1\" >\n\t\t\tLire la suite \u00bb\t\t<\/a>\n\n\t\t\t\t<\/div>\n\t\t\t\t<div class=\"elementor-post__meta-data\">\n\t\t\t\t\t<span class=\"elementor-post-date\">\n\t\t\t30 de octobre de 2024\t\t<\/span>\n\t\t\t\t<\/div>\n\t\t\t\t\t<\/div>\n\t\t<\/article>\n\t\t\t\t<article class=\"elementor-post elementor-grid-item post-2025 post type-post status-publish format-standard has-post-thumbnail hentry category-blog-fr\">\n\t\t\t<div class=\"elementor-post__card\">\n\t\t\t\t<a class=\"elementor-post__thumbnail__link\" href=\"https:\/\/steelproc.com\/fr\/blog-fr\/hrc-crc-et-hdg-differences-et-utilisations-des-types-de-bobines-dacier\/\" tabindex=\"-1\" ><div class=\"elementor-post__thumbnail\"><img decoding=\"async\" width=\"1500\" height=\"1000\" src=\"https:\/\/steelproc.com\/wp-content\/uploads\/2024\/10\/warehouse-1.jpg\" class=\"attachment-full size-full wp-image-1934\" alt=\"\" srcset=\"https:\/\/steelproc.com\/wp-content\/uploads\/2024\/10\/warehouse-1.jpg 1500w, https:\/\/steelproc.com\/wp-content\/uploads\/2024\/10\/warehouse-1-300x200.jpg 300w, https:\/\/steelproc.com\/wp-content\/uploads\/2024\/10\/warehouse-1-1024x683.jpg 1024w, https:\/\/steelproc.com\/wp-content\/uploads\/2024\/10\/warehouse-1-768x512.jpg 768w, https:\/\/steelproc.com\/wp-content\/uploads\/2024\/10\/warehouse-1-18x12.jpg 18w\" sizes=\"(max-width: 1500px) 100vw, 1500px\" \/><\/div><\/a>\n\t\t\t\t<div class=\"elementor-post__badge\">Blog<\/div>\n\t\t\t\t<div class=\"elementor-post__text\">\n\t\t\t\t<h3 class=\"elementor-post__title\">\n\t\t\t<a href=\"https:\/\/steelproc.com\/fr\/blog-fr\/hrc-crc-et-hdg-differences-et-utilisations-des-types-de-bobines-dacier\/\" >\n\t\t\t\tHRC, CRC et HDG : Diff\u00e9rences et utilisations des types de bobines d&rsquo;acier\t\t\t<\/a>\n\t\t<\/h3>\n\t\t\t\t<div class=\"elementor-post__excerpt\">\n\t\t\t<p>Lorsqu&rsquo;il s&rsquo;agit de choisir l&rsquo;acier, la connaissance des diff\u00e9rences entre les types HRC, CRC et<\/p>\n\t\t<\/div>\n\t\t\n\t\t<a class=\"elementor-post__read-more\" href=\"https:\/\/steelproc.com\/fr\/blog-fr\/hrc-crc-et-hdg-differences-et-utilisations-des-types-de-bobines-dacier\/\" aria-label=\"Read more about HRC, CRC et HDG : Diff\u00e9rences et utilisations des types de bobines d&rsquo;acier\" tabindex=\"-1\" >\n\t\t\tLire la suite \u00bb\t\t<\/a>\n\n\t\t\t\t<\/div>\n\t\t\t\t<div class=\"elementor-post__meta-data\">\n\t\t\t\t\t<span class=\"elementor-post-date\">\n\t\t\t30 de octobre de 2024\t\t<\/span>\n\t\t\t\t<\/div>\n\t\t\t\t\t<\/div>\n\t\t<\/article>\n\t\t\t\t<article class=\"elementor-post elementor-grid-item post-2027 post type-post status-publish format-standard has-post-thumbnail hentry category-blog-fr\">\n\t\t\t<div class=\"elementor-post__card\">\n\t\t\t\t<a class=\"elementor-post__thumbnail__link\" href=\"https:\/\/steelproc.com\/fr\/blog-fr\/quest-ce-que-lautomatisation-des-appels-doffres-et-quels-en-sont-les-avantages-pour-les-acheteurs-dacier\/\" tabindex=\"-1\" ><div class=\"elementor-post__thumbnail\"><img loading=\"lazy\" decoding=\"async\" width=\"1001\" height=\"1500\" src=\"https:\/\/steelproc.com\/wp-content\/uploads\/2024\/10\/923-1.jpg\" class=\"attachment-full size-full wp-image-1826\" alt=\"\" srcset=\"https:\/\/steelproc.com\/wp-content\/uploads\/2024\/10\/923-1.jpg 1001w, https:\/\/steelproc.com\/wp-content\/uploads\/2024\/10\/923-1-200x300.jpg 200w, https:\/\/steelproc.com\/wp-content\/uploads\/2024\/10\/923-1-683x1024.jpg 683w, https:\/\/steelproc.com\/wp-content\/uploads\/2024\/10\/923-1-768x1151.jpg 768w\" sizes=\"(max-width: 1001px) 100vw, 1001px\" \/><\/div><\/a>\n\t\t\t\t<div class=\"elementor-post__badge\">Blog<\/div>\n\t\t\t\t<div class=\"elementor-post__text\">\n\t\t\t\t<h3 class=\"elementor-post__title\">\n\t\t\t<a href=\"https:\/\/steelproc.com\/fr\/blog-fr\/quest-ce-que-lautomatisation-des-appels-doffres-et-quels-en-sont-les-avantages-pour-les-acheteurs-dacier\/\" >\n\t\t\t\tQu&rsquo;est-ce que l&rsquo;automatisation des appels d&rsquo;offres et quels en sont les avantages pour les acheteurs d&rsquo;acier ?\t\t\t<\/a>\n\t\t<\/h3>\n\t\t\t\t<div class=\"elementor-post__excerpt\">\n\t\t\t<p>Le processus d&rsquo;appel d&rsquo;offres est essentiel pour les acheteurs d&rsquo;acier. Toutefois, la gestion manuelle des<\/p>\n\t\t<\/div>\n\t\t\n\t\t<a class=\"elementor-post__read-more\" href=\"https:\/\/steelproc.com\/fr\/blog-fr\/quest-ce-que-lautomatisation-des-appels-doffres-et-quels-en-sont-les-avantages-pour-les-acheteurs-dacier\/\" aria-label=\"Read more about Qu&rsquo;est-ce que l&rsquo;automatisation des appels d&rsquo;offres et quels en sont les avantages pour les acheteurs d&rsquo;acier ?\" tabindex=\"-1\" >\n\t\t\tLire la suite \u00bb\t\t<\/a>\n\n\t\t\t\t<\/div>\n\t\t\t\t<div class=\"elementor-post__meta-data\">\n\t\t\t\t\t<span class=\"elementor-post-date\">\n\t\t\t29 de octobre de 2024\t\t<\/span>\n\t\t\t\t<\/div>\n\t\t\t\t\t<\/div>\n\t\t<\/article>\n\t\t\t\t<article class=\"elementor-post elementor-grid-item post-2029 post type-post status-publish format-standard has-post-thumbnail hentry category-blog-fr\">\n\t\t\t<div class=\"elementor-post__card\">\n\t\t\t\t<a class=\"elementor-post__thumbnail__link\" href=\"https:\/\/steelproc.com\/fr\/blog-fr\/guide-complet-pour-lachat-dacier-en-ligne-en-2024\/\" tabindex=\"-1\" ><div class=\"elementor-post__thumbnail\"><img loading=\"lazy\" decoding=\"async\" width=\"1500\" height=\"1000\" src=\"https:\/\/steelproc.com\/wp-content\/uploads\/2024\/10\/8093.jpg\" class=\"attachment-full size-full wp-image-1931\" alt=\"\" srcset=\"https:\/\/steelproc.com\/wp-content\/uploads\/2024\/10\/8093.jpg 1500w, https:\/\/steelproc.com\/wp-content\/uploads\/2024\/10\/8093-300x200.jpg 300w, https:\/\/steelproc.com\/wp-content\/uploads\/2024\/10\/8093-1024x683.jpg 1024w, https:\/\/steelproc.com\/wp-content\/uploads\/2024\/10\/8093-768x512.jpg 768w\" sizes=\"(max-width: 1500px) 100vw, 1500px\" \/><\/div><\/a>\n\t\t\t\t<div class=\"elementor-post__badge\">Blog<\/div>\n\t\t\t\t<div class=\"elementor-post__text\">\n\t\t\t\t<h3 class=\"elementor-post__title\">\n\t\t\t<a href=\"https:\/\/steelproc.com\/fr\/blog-fr\/guide-complet-pour-lachat-dacier-en-ligne-en-2024\/\" >\n\t\t\t\tGuide complet pour l&rsquo;achat d&rsquo;acier en ligne en 2024\t\t\t<\/a>\n\t\t<\/h3>\n\t\t\t\t<div class=\"elementor-post__excerpt\">\n\t\t\t<p>L&rsquo;achat d&rsquo;acier en ligne a r\u00e9volutionn\u00e9 le secteur, permettant aux entreprises d&rsquo;acc\u00e9der rapidement et efficacement<\/p>\n\t\t<\/div>\n\t\t\n\t\t<a class=\"elementor-post__read-more\" href=\"https:\/\/steelproc.com\/fr\/blog-fr\/guide-complet-pour-lachat-dacier-en-ligne-en-2024\/\" aria-label=\"Read more about Guide complet pour l&rsquo;achat d&rsquo;acier en ligne en 2024\" tabindex=\"-1\" >\n\t\t\tLire la suite \u00bb\t\t<\/a>\n\n\t\t\t\t<\/div>\n\t\t\t\t<div class=\"elementor-post__meta-data\">\n\t\t\t\t\t<span class=\"elementor-post-date\">\n\t\t\t29 de octobre de 2024\t\t<\/span>\n\t\t\t\t<\/div>\n\t\t\t\t\t<\/div>\n\t\t<\/article>\n\t\t\t\t<\/div>\n\t\t\n\t\t\t\t\t\t<\/div>\n\t\t\t\t<\/div>\n\t\t\t\t<\/div>\n\t\t\t\t\t<\/div>\n\t\t\t\t<\/div>\n\t\t\t\t<\/div>\n\t\t","protected":false},"excerpt":{"rendered":"","protected":false},"author":1,"featured_media":0,"parent":0,"menu_order":0,"comment_status":"closed","ping_status":"closed","template":"","meta":{"footnotes":""},"class_list":["post-1962","page","type-page","status-publish","hentry"],"_links":{"self":[{"href":"https:\/\/steelproc.com\/fr\/wp-json\/wp\/v2\/pages\/1962","targetHints":{"allow":["GET"]}}],"collection":[{"href":"https:\/\/steelproc.com\/fr\/wp-json\/wp\/v2\/pages"}],"about":[{"href":"https:\/\/steelproc.com\/fr\/wp-json\/wp\/v2\/types\/page"}],"author":[{"embeddable":true,"href":"https:\/\/steelproc.com\/fr\/wp-json\/wp\/v2\/users\/1"}],"replies":[{"embeddable":true,"href":"https:\/\/steelproc.com\/fr\/wp-json\/wp\/v2\/comments?post=1962"}],"version-history":[{"count":1,"href":"https:\/\/steelproc.com\/fr\/wp-json\/wp\/v2\/pages\/1962\/revisions"}],"predecessor-version":[{"id":1963,"href":"https:\/\/steelproc.com\/fr\/wp-json\/wp\/v2\/pages\/1962\/revisions\/1963"}],"wp:attachment":[{"href":"https:\/\/steelproc.com\/fr\/wp-json\/wp\/v2\/media?parent=1962"}],"curies":[{"name":"wp","href":"https:\/\/api.w.org\/{rel}","templated":true}]}}