{"id":1979,"date":"2024-10-29T18:16:25","date_gmt":"2024-10-29T17:16:25","guid":{"rendered":"https:\/\/steelproc.com\/politique-en-matiere-de-cookies\/"},"modified":"2025-01-28T15:48:22","modified_gmt":"2025-01-28T14:48:22","slug":"politique-en-matiere-de-cookies","status":"publish","type":"page","link":"https:\/\/steelproc.com\/fr\/politique-en-matiere-de-cookies\/","title":{"rendered":"Politique en mati\u00e8re de cookies"},"content":{"rendered":"\t\t<div data-elementor-type=\"wp-page\" data-elementor-id=\"1979\" class=\"elementor elementor-1979 elementor-1487\" data-elementor-post-type=\"page\">\n\t\t\t\t<div class=\"elementor-element elementor-element-7f9040f e-flex e-con-boxed e-con e-parent\" data-id=\"7f9040f\" data-element_type=\"container\" data-e-type=\"container\">\n\t\t\t\t\t<div class=\"e-con-inner\">\n\t\t<div class=\"elementor-element elementor-element-d528497 e-con-full e-flex e-con e-child\" data-id=\"d528497\" data-element_type=\"container\" data-e-type=\"container\">\n\t\t\t\t<div class=\"elementor-element elementor-element-74d5c8d elementor-widget elementor-widget-text-editor\" data-id=\"74d5c8d\" data-element_type=\"widget\" data-e-type=\"widget\" data-widget_type=\"text-editor.default\">\n\t\t\t\t<div class=\"elementor-widget-container\">\n\t\t\t\t\t\t\t\t\t<h2><strong>Politique en mati\u00e8re de cookies<\/strong><\/h2>\n<p><strong>Date d&rsquo;entr\u00e9e en vigueur :<\/strong> 29 octobre 2024<\/p>\n<p>Cette politique en mati\u00e8re de cookies explique comment <strong>Blu Steel Solutions SL<\/strong> (\u00ab\u00a0nous\u00a0\u00bb, \u00ab\u00a0notre\u00a0\u00bb ou \u00ab\u00a0nos\u00a0\u00bb) utilise des cookies et des technologies similaires sur son site web. En utilisant notre site web, vous acceptez l&rsquo;utilisation de cookies telle qu&rsquo;elle est d\u00e9crite dans cette politique. <\/p>\n<h3><strong>1. Qu&rsquo;est-ce qu&rsquo;un cookie ?<\/strong><\/h3>\n<p>Les cookies sont de petits fichiers texte stock\u00e9s sur votre appareil (ordinateur, tablette ou mobile) lorsque vous visitez un site web. Ils aident le site web \u00e0 reconna\u00eetre votre appareil et \u00e0 se souvenir de vos pr\u00e9f\u00e9rences au fil du temps. <\/p>\n<h3><strong>2. Types de cookies que nous utilisons<\/strong><\/h3>\n<p>Nous utilisons les types de cookies suivants sur notre site web :<\/p>\n<ol>\n<li>\n<p><strong>Cookies strictement n\u00e9cessaires :<\/strong><\/p>\n<ul>\n<li>Ces cookies sont essentiels au bon fonctionnement du site web.<\/li>\n<li>Exemple : Gestion des sessions d&rsquo;utilisateurs ou des fonctions de s\u00e9curit\u00e9.<\/li>\n<\/ul>\n<\/li>\n<li>\n<p><strong>Cookies de performance et d&rsquo;analyse :<\/strong><\/p>\n<ul>\n<li>Ces cookies recueillent des donn\u00e9es anonymes sur la mani\u00e8re dont les visiteurs utilisent le site web, ce qui nous aide \u00e0 am\u00e9liorer la fonctionnalit\u00e9 et l&rsquo;exp\u00e9rience des utilisateurs.<\/li>\n<li>Exemple : Google Analytics ou d&rsquo;autres outils de suivi : Google Analytics ou d&rsquo;autres outils de suivi.<\/li>\n<\/ul>\n<\/li>\n<li>\n<p><strong>Cookies de fonctionnalit\u00e9 :<\/strong><\/p>\n<ul>\n<li>Ces cookies m\u00e9morisent vos pr\u00e9f\u00e9rences et am\u00e9liorent votre exp\u00e9rience de navigation.<\/li>\n<li>Exemple : Sauvegarde de vos pr\u00e9f\u00e9rences linguistiques ou de vos donn\u00e9es de connexion.<\/li>\n<\/ul>\n<\/li>\n<li>\n<p><strong>Cookies de ciblage ou de publicit\u00e9 :<\/strong><\/p>\n<ul>\n<li>Ces cookies sont utilis\u00e9s pour vous montrer des publicit\u00e9s pertinentes bas\u00e9es sur vos int\u00e9r\u00eats.<\/li>\n<li>Exemple : Cookies utilis\u00e9s par Google Ads ou Facebook Pixel pour les campagnes de remarketing.<\/li>\n<\/ul>\n<\/li>\n<\/ol>\n<hr>\n<h3><strong>3. Cookies de tiers<\/strong><\/h3>\n<p>Certains cookies sont plac\u00e9s par des tiers sur notre site web (tels que des fournisseurs d&rsquo;analyses ou des annonceurs). Nous ne contr\u00f4lons pas ces cookies et vous recommandons de consulter leurs politiques respectives pour plus d&rsquo;informations. <\/p>\n<hr>\n<h3><strong>4. Gestion des pr\u00e9f\u00e9rences en mati\u00e8re de cookies<\/strong><\/h3>\n<p>Vous pouvez contr\u00f4ler et g\u00e9rer les cookies de la mani\u00e8re suivante :<\/p>\n<ol>\n<li>\n<p><strong>Param\u00e8tres du navigateur :<\/strong><br \/>La plupart des navigateurs vous permettent de bloquer ou de supprimer les cookies par le biais de leurs param\u00e8tres.<\/p>\n<ul>\n<li><strong>Google Chrome :<\/strong> <a target=\"_new\" rel=\"noopener\">Instructions<\/a><\/li>\n<li><strong>Mozilla Firefox :<\/strong> <a href=\"https:\/\/support.mozilla.org\/en-US\/kb\/enable-and-disable-cookies-website-preferences\" target=\"_new\" rel=\"noopener\">Instructions<\/a><\/li>\n<li><strong>Safari :<\/strong> <a href=\"https:\/\/support.apple.com\/en-us\/HT201265\" target=\"_new\" rel=\"noopener\">Instructions<\/a><\/li>\n<li><strong>Microsoft Edge :<\/strong> <a href=\"https:\/\/support.microsoft.com\/en-us\/help\/4027947\/microsoft-edge-delete-cookies\" target=\"_new\" rel=\"noopener\">Instructions<\/a><\/li>\n<\/ul>\n<\/li>\n<li>\n<p><strong>Cookie Banner :<\/strong><br \/>Lors de votre premi\u00e8re visite, il vous sera demand\u00e9 d&rsquo;accepter ou de refuser les cookies non essentiels. Vous pouvez modifier ces pr\u00e9f\u00e9rences \u00e0 tout moment via les param\u00e8tres de cookies disponibles sur le site web. <\/p>\n<\/li>\n<\/ol>\n<hr>\n<h3><strong>5. Donn\u00e9es collect\u00e9es par les cookies<\/strong><\/h3>\n<p>Les informations collect\u00e9es par les cookies peuvent comprendre les \u00e9l\u00e9ments suivants :<\/p>\n<ul>\n<li>Adresse IP<\/li>\n<li>Type de navigateur<\/li>\n<li>Type d&rsquo;appareil et syst\u00e8me d&rsquo;exploitation<\/li>\n<li>Pages visit\u00e9es et temps pass\u00e9 sur le site web<\/li>\n<\/ul>\n<p>Ces donn\u00e9es sont trait\u00e9es conform\u00e9ment \u00e0 notre <a rel=\"noopener\">politique de confidentialit\u00e9<\/a>.<\/p>\n<hr>\n<h3><strong>6. Base juridique de l&rsquo;utilisation des cookies<\/strong><\/h3>\n<p>Nous utilisons des cookies sur la base des fondements juridiques suivants :<\/p>\n<ul>\n<li><strong>Consentement :<\/strong> Pour les cookies de performance, d&rsquo;analyse et de publicit\u00e9, nous demandons votre consentement explicite.<\/li>\n<li><strong>Int\u00e9r\u00eats l\u00e9gitimes :<\/strong> Les cookies strictement n\u00e9cessaires sont utilis\u00e9s pour assurer le bon fonctionnement du site web.<\/li>\n<\/ul>\n<hr>\n<h3><strong>7. Conservation et expiration des donn\u00e9es<\/strong><\/h3>\n<p>Les cookies ont des dur\u00e9es de vie diff\u00e9rentes. Certains restent sur votre appareil uniquement pendant votre session de navigation (cookies de session), tandis que d&rsquo;autres restent jusqu&rsquo;\u00e0 ce qu&rsquo;ils expirent ou soient supprim\u00e9s (cookies persistants). <\/p>\n<hr>\n<h3><strong>8. Modifications de la pr\u00e9sente politique en mati\u00e8re de cookies<\/strong><\/h3>\n<p>Nous pouvons mettre \u00e0 jour cette politique de temps \u00e0 autre. Veuillez consulter r\u00e9guli\u00e8rement cette page pour prendre connaissance des mises \u00e0 jour. Toute modification importante sera communiqu\u00e9e sur le site web.  <\/p>\n<hr>\n<h3><strong>9. Contactez nous<\/strong><\/h3>\n<p>Si vous avez des questions ou des pr\u00e9occupations concernant notre utilisation des cookies, veuillez nous contacter \u00e0 l&rsquo;adresse suivante :<\/p>\n<ul>\n<li><strong>Courriel :<\/strong> <a rel=\"noopener\">info@blusteel.eu<\/a><\/li>\n<li><strong>Adresse :<\/strong> Avenida Europa 26, \u00c1tica 5, Piso 2, 28224 Pozuelo de Alarc\u00f3n, Comunidad de Madrid, Espagne<\/li>\n<\/ul>\n\t\t\t\t\t\t\t\t<\/div>\n\t\t\t\t<\/div>\n\t\t\t\t<\/div>\n\t\t\t\t\t<\/div>\n\t\t\t\t<\/div>\n\t\t\t\t<\/div>\n\t\t","protected":false},"excerpt":{"rendered":"<p>Politique en mati\u00e8re de cookies Date d&rsquo;entr\u00e9e en vigueur : 29 octobre 2024 Cette politique en mati\u00e8re de cookies explique comment Blu Steel Solutions SL (\u00ab\u00a0nous\u00a0\u00bb, \u00ab\u00a0notre\u00a0\u00bb ou \u00ab\u00a0nos\u00a0\u00bb) utilise des cookies et des technologies similaires sur son site web. En utilisant notre site web, vous acceptez l&rsquo;utilisation de cookies telle qu&rsquo;elle est d\u00e9crite dans [&hellip;]<\/p>\n","protected":false},"author":1,"featured_media":0,"parent":0,"menu_order":0,"comment_status":"closed","ping_status":"closed","template":"","meta":{"footnotes":""},"class_list":["post-1979","page","type-page","status-publish","hentry"],"_links":{"self":[{"href":"https:\/\/steelproc.com\/fr\/wp-json\/wp\/v2\/pages\/1979","targetHints":{"allow":["GET"]}}],"collection":[{"href":"https:\/\/steelproc.com\/fr\/wp-json\/wp\/v2\/pages"}],"about":[{"href":"https:\/\/steelproc.com\/fr\/wp-json\/wp\/v2\/types\/page"}],"author":[{"embeddable":true,"href":"https:\/\/steelproc.com\/fr\/wp-json\/wp\/v2\/users\/1"}],"replies":[{"embeddable":true,"href":"https:\/\/steelproc.com\/fr\/wp-json\/wp\/v2\/comments?post=1979"}],"version-history":[{"count":1,"href":"https:\/\/steelproc.com\/fr\/wp-json\/wp\/v2\/pages\/1979\/revisions"}],"predecessor-version":[{"id":1980,"href":"https:\/\/steelproc.com\/fr\/wp-json\/wp\/v2\/pages\/1979\/revisions\/1980"}],"wp:attachment":[{"href":"https:\/\/steelproc.com\/fr\/wp-json\/wp\/v2\/media?parent=1979"}],"curies":[{"name":"wp","href":"https:\/\/api.w.org\/{rel}","templated":true}]}}