{"id":1985,"date":"2024-10-29T18:13:08","date_gmt":"2024-10-29T17:13:08","guid":{"rendered":"https:\/\/steelproc.com\/avis-juridique\/"},"modified":"2025-01-28T15:58:30","modified_gmt":"2025-01-28T14:58:30","slug":"avis-juridique","status":"publish","type":"page","link":"https:\/\/steelproc.com\/fr\/avis-juridique\/","title":{"rendered":"Avis juridique"},"content":{"rendered":"\t\t<div data-elementor-type=\"wp-page\" data-elementor-id=\"1985\" class=\"elementor elementor-1985 elementor-1482\" data-elementor-post-type=\"page\">\n\t\t\t\t<div class=\"elementor-element elementor-element-ef712b9 e-flex e-con-boxed e-con e-parent\" data-id=\"ef712b9\" data-element_type=\"container\" data-e-type=\"container\">\n\t\t\t\t\t<div class=\"e-con-inner\">\n\t\t<div class=\"elementor-element elementor-element-9e9be31 e-con-full e-flex e-con e-child\" data-id=\"9e9be31\" data-element_type=\"container\" data-e-type=\"container\">\n\t\t\t\t<div class=\"elementor-element elementor-element-4699818 elementor-widget elementor-widget-text-editor\" data-id=\"4699818\" data-element_type=\"widget\" data-e-type=\"widget\" data-widget_type=\"text-editor.default\">\n\t\t\t\t<div class=\"elementor-widget-container\">\n\t\t\t\t\t\t\t\t\t<h2><strong>Avis juridique<\/strong><\/h2>\n<p><strong>Date d&rsquo;entr\u00e9e en vigueur :<\/strong> 29 octobre 2024<\/p>\n<p>Les pr\u00e9sentes mentions l\u00e9gales r\u00e9gissent l&rsquo;utilisation du site web g\u00e9r\u00e9 par <strong>Blu Steel Solutions SL<\/strong> (\u00ab\u00a0la soci\u00e9t\u00e9\u00a0\u00bb) conform\u00e9ment \u00e0 la l\u00e9gislation espagnole et europ\u00e9enne applicable. En acc\u00e9dant \u00e0 ce site web ou en l&rsquo;utilisant, vous acceptez ces termes et conditions. <\/p>\n<h3><strong>1. Informations sur l&rsquo;entreprise<\/strong><\/h3>\n<ul>\n<li><strong>Nom de l&rsquo;entreprise :<\/strong> Blu Steel Solutions SL<\/li>\n<li><strong>Adresse du si\u00e8ge social :<\/strong> Avenida Europa 26, \u00c1tica 5, Piso 2, 28224 Pozuelo de Alarc\u00f3n, Comunidad de Madrid, Espagne<\/li>\n<li><strong>CIF :<\/strong> B19430511<\/li>\n<li><strong>Courriel :<\/strong> <a rel=\"noopener\">info@blusteel.eu<\/a><\/li>\n<li><strong>T\u00e9l\u00e9phone :<\/strong> [Insert phone number]<\/li>\n<\/ul>\n<p>La soci\u00e9t\u00e9 est inscrite au registre du commerce de Madrid. Pour toute question concernant ce site web ou les services fournis, vous pouvez nous contacter par courrier \u00e9lectronique \u00e0 l&rsquo;adresse ci-dessus. <\/p>\n<hr>\n<h3><strong>2. Conditions d&rsquo;utilisation<\/strong><\/h3>\n<p>L&rsquo;acc\u00e8s et l&rsquo;utilisation du site web sont soumis aux conditions suivantes :<\/p>\n<ol>\n<li>Les utilisateurs acceptent d&rsquo;utiliser le site Web conform\u00e9ment aux lois espagnoles, au pr\u00e9sent avis juridique et \u00e0 l&rsquo;ordre public.<\/li>\n<li>Les utilisateurs s&rsquo;abstiennent de se livrer \u00e0 des activit\u00e9s ill\u00e9gales ou de violer les droits de tiers par l&rsquo;interm\u00e9diaire de ce site web.<\/li>\n<li>L&rsquo;entreprise se r\u00e9serve le droit de modifier ou de mettre \u00e0 jour ces conditions \u00e0 tout moment.<\/li>\n<\/ol>\n<hr>\n<h3><strong>3. Propri\u00e9t\u00e9 intellectuelle<\/strong><\/h3>\n<p>Tout le contenu de ce site web, y compris, mais sans s&rsquo;y limiter, les textes, les images, les dessins et les marques, est prot\u00e9g\u00e9 par les lois sur la propri\u00e9t\u00e9 intellectuelle. Les utilisateurs ne sont pas autoris\u00e9s \u00e0 reproduire, distribuer ou modifier tout contenu sans l&rsquo;autorisation \u00e9crite pr\u00e9alable de la soci\u00e9t\u00e9. <\/p>\n<hr>\n<h3><strong>4. Clause de non-responsabilit\u00e9<\/strong><\/h3>\n<ul>\n<li>La soci\u00e9t\u00e9 n&rsquo;est pas responsable des erreurs ou omissions dans le contenu du site web.<\/li>\n<li>Nous ne sommes pas responsables des interruptions de service dues \u00e0 des probl\u00e8mes techniques ou \u00e0 des facteurs externes ind\u00e9pendants de notre volont\u00e9.<\/li>\n<li>Les utilisateurs acc\u00e8dent au site web \u00e0 leurs propres risques. La soci\u00e9t\u00e9 ne sera pas responsable des dommages caus\u00e9s par des logiciels malveillants ou d&rsquo;autres \u00e9l\u00e9ments nuisibles. <\/li>\n<\/ul>\n<hr>\n<h3><strong>5. Protection des donn\u00e9es et de la vie priv\u00e9e<\/strong><\/h3>\n<p>L&rsquo;Entreprise traite les donn\u00e9es personnelles conform\u00e9ment au R\u00e8glement g\u00e9n\u00e9ral sur la protection des donn\u00e9es (UE) 2016\/679 (GDPR) et aux lois espagnoles sur la protection des donn\u00e9es. Pour plus d&rsquo;informations, veuillez consulter notre <a rel=\"noopener\">politique de confidentialit\u00e9<\/a>. <\/p>\n<hr>\n<h3><strong>6. Politique en mati\u00e8re de cookies<\/strong><\/h3>\n<p>Ce site web utilise des cookies pour am\u00e9liorer l&rsquo;exp\u00e9rience de l&rsquo;utilisateur et analyser le trafic web. Veuillez consulter notre <a rel=\"noopener\">politique en mati\u00e8re de cookies<\/a> pour plus de d\u00e9tails sur les types de cookies utilis\u00e9s et sur la mani\u00e8re de g\u00e9rer vos pr\u00e9f\u00e9rences. <\/p>\n<hr>\n<h3><strong>7. Liens externes<\/strong><\/h3>\n<p>Notre site web peut contenir des liens vers des sites web de tiers. L&rsquo;entreprise n&rsquo;assume aucune responsabilit\u00e9 quant au contenu ou aux pratiques de ces sites externes. <\/p>\n<hr>\n<h3><strong>8. Droit applicable et juridiction<\/strong><\/h3>\n<p>Le pr\u00e9sent avis juridique est r\u00e9gi par le droit espagnol. Tout litige r\u00e9sultant de l&rsquo;utilisation du site web sera soumis \u00e0 la juridiction des tribunaux de Madrid, Espagne. <\/p>\n<hr>\n<h3><strong>9. Informations sur les contacts<\/strong><\/h3>\n<p>Pour toute question concernant les pr\u00e9sentes mentions l\u00e9gales, veuillez nous contacter \u00e0 l&rsquo;adresse suivante :<\/p>\n<ul>\n<li><strong>Courriel :<\/strong> <a rel=\"noopener\">info@blusteel.eu<\/a><\/li>\n<li><strong>Adresse :<\/strong> Avenida Europa 26, \u00c1tica 5, Piso 2, 28224 Pozuelo de Alarc\u00f3n, Comunidad de Madrid, Espagne<\/li>\n<\/ul>\n\t\t\t\t\t\t\t\t<\/div>\n\t\t\t\t<\/div>\n\t\t\t\t<\/div>\n\t\t\t\t\t<\/div>\n\t\t\t\t<\/div>\n\t\t\t\t<\/div>\n\t\t","protected":false},"excerpt":{"rendered":"<p>Avis juridique Date d&rsquo;entr\u00e9e en vigueur : 29 octobre 2024 Les pr\u00e9sentes mentions l\u00e9gales r\u00e9gissent l&rsquo;utilisation du site web g\u00e9r\u00e9 par Blu Steel Solutions SL (\u00ab\u00a0la soci\u00e9t\u00e9\u00a0\u00bb) conform\u00e9ment \u00e0 la l\u00e9gislation espagnole et europ\u00e9enne applicable. En acc\u00e9dant \u00e0 ce site web ou en l&rsquo;utilisant, vous acceptez ces termes et conditions. 1. Informations sur l&rsquo;entreprise Nom [&hellip;]<\/p>\n","protected":false},"author":1,"featured_media":0,"parent":0,"menu_order":0,"comment_status":"closed","ping_status":"closed","template":"","meta":{"footnotes":""},"class_list":["post-1985","page","type-page","status-publish","hentry"],"_links":{"self":[{"href":"https:\/\/steelproc.com\/fr\/wp-json\/wp\/v2\/pages\/1985","targetHints":{"allow":["GET"]}}],"collection":[{"href":"https:\/\/steelproc.com\/fr\/wp-json\/wp\/v2\/pages"}],"about":[{"href":"https:\/\/steelproc.com\/fr\/wp-json\/wp\/v2\/types\/page"}],"author":[{"embeddable":true,"href":"https:\/\/steelproc.com\/fr\/wp-json\/wp\/v2\/users\/1"}],"replies":[{"embeddable":true,"href":"https:\/\/steelproc.com\/fr\/wp-json\/wp\/v2\/comments?post=1985"}],"version-history":[{"count":1,"href":"https:\/\/steelproc.com\/fr\/wp-json\/wp\/v2\/pages\/1985\/revisions"}],"predecessor-version":[{"id":1986,"href":"https:\/\/steelproc.com\/fr\/wp-json\/wp\/v2\/pages\/1985\/revisions\/1986"}],"wp:attachment":[{"href":"https:\/\/steelproc.com\/fr\/wp-json\/wp\/v2\/media?parent=1985"}],"curies":[{"name":"wp","href":"https:\/\/api.w.org\/{rel}","templated":true}]}}