{"id":1973,"date":"2024-10-28T05:39:05","date_gmt":"2024-10-28T04:39:05","guid":{"rendered":"https:\/\/steelproc.com\/blogue\/"},"modified":"2025-01-28T15:45:35","modified_gmt":"2025-01-28T14:45:35","slug":"blogue","status":"publish","type":"page","link":"https:\/\/steelproc.com\/pt-pt\/blogue\/","title":{"rendered":"Blogue"},"content":{"rendered":"\t\t<div data-elementor-type=\"wp-page\" data-elementor-id=\"1973\" class=\"elementor elementor-1973 elementor-1310\" data-elementor-post-type=\"page\">\n\t\t\t\t<div class=\"elementor-element elementor-element-ee4d62d e-flex e-con-boxed e-con e-parent\" data-id=\"ee4d62d\" data-element_type=\"container\" data-e-type=\"container\" data-settings=\"{&quot;background_background&quot;:&quot;classic&quot;}\">\n\t\t\t\t\t<div class=\"e-con-inner\">\n\t\t\t\t<div class=\"elementor-element elementor-element-055e411 elementor-widget elementor-widget-heading\" data-id=\"055e411\" data-element_type=\"widget\" data-e-type=\"widget\" data-widget_type=\"heading.default\">\n\t\t\t\t<div class=\"elementor-widget-container\">\n\t\t\t\t\t<h2 class=\"elementor-heading-title elementor-size-default\">Blogue<\/h2>\t\t\t\t<\/div>\n\t\t\t\t<\/div>\n\t\t\t\t\t<\/div>\n\t\t\t\t<\/div>\n\t\t<div class=\"elementor-element elementor-element-9ab8dae e-flex e-con-boxed e-con e-parent\" data-id=\"9ab8dae\" data-element_type=\"container\" data-e-type=\"container\">\n\t\t\t\t\t<div class=\"e-con-inner\">\n\t\t<div class=\"elementor-element elementor-element-f67c383 e-con-full e-flex e-con e-child\" data-id=\"f67c383\" data-element_type=\"container\" data-e-type=\"container\">\n\t\t\t\t<div class=\"elementor-element elementor-element-c0177d3 elementor-grid-3 elementor-grid-tablet-2 elementor-grid-mobile-1 elementor-posts--thumbnail-top elementor-card-shadow-yes elementor-posts__hover-gradient elementor-widget elementor-widget-posts\" data-id=\"c0177d3\" data-element_type=\"widget\" data-e-type=\"widget\" data-settings=\"{&quot;cards_columns&quot;:&quot;3&quot;,&quot;cards_columns_tablet&quot;:&quot;2&quot;,&quot;cards_columns_mobile&quot;:&quot;1&quot;,&quot;cards_row_gap&quot;:{&quot;unit&quot;:&quot;px&quot;,&quot;size&quot;:35,&quot;sizes&quot;:[]},&quot;cards_row_gap_tablet&quot;:{&quot;unit&quot;:&quot;px&quot;,&quot;size&quot;:&quot;&quot;,&quot;sizes&quot;:[]},&quot;cards_row_gap_mobile&quot;:{&quot;unit&quot;:&quot;px&quot;,&quot;size&quot;:&quot;&quot;,&quot;sizes&quot;:[]}}\" data-widget_type=\"posts.cards\">\n\t\t\t\t<div class=\"elementor-widget-container\">\n\t\t\t\t\t\t\t<div class=\"elementor-posts-container elementor-posts elementor-posts--skin-cards elementor-grid\">\n\t\t\t\t<article class=\"elementor-post elementor-grid-item post-2020 post type-post status-publish format-standard has-post-thumbnail hentry category-blogue\">\n\t\t\t<div class=\"elementor-post__card\">\n\t\t\t\t<a class=\"elementor-post__thumbnail__link\" href=\"https:\/\/steelproc.com\/pt-pt\/blogue\/previsao-do-mercado-do-aco-para-2025-o-que-esta-no-horizonte\/\" tabindex=\"-1\" ><div class=\"elementor-post__thumbnail\"><img fetchpriority=\"high\" decoding=\"async\" width=\"1200\" height=\"900\" src=\"https:\/\/steelproc.com\/wp-content\/uploads\/2024\/10\/Steel-Market-Forecast-for-2025-Whats-on-the-Horizon.png\" class=\"attachment-full size-full wp-image-1938\" alt=\"\" srcset=\"https:\/\/steelproc.com\/wp-content\/uploads\/2024\/10\/Steel-Market-Forecast-for-2025-Whats-on-the-Horizon.png 1200w, https:\/\/steelproc.com\/wp-content\/uploads\/2024\/10\/Steel-Market-Forecast-for-2025-Whats-on-the-Horizon-300x225.png 300w, https:\/\/steelproc.com\/wp-content\/uploads\/2024\/10\/Steel-Market-Forecast-for-2025-Whats-on-the-Horizon-1024x768.png 1024w, https:\/\/steelproc.com\/wp-content\/uploads\/2024\/10\/Steel-Market-Forecast-for-2025-Whats-on-the-Horizon-768x576.png 768w, https:\/\/steelproc.com\/wp-content\/uploads\/2024\/10\/Steel-Market-Forecast-for-2025-Whats-on-the-Horizon-16x12.png 16w\" sizes=\"(max-width: 1200px) 100vw, 1200px\" \/><\/div><\/a>\n\t\t\t\t<div class=\"elementor-post__badge\">Blogue<\/div>\n\t\t\t\t<div class=\"elementor-post__text\">\n\t\t\t\t<h3 class=\"elementor-post__title\">\n\t\t\t<a href=\"https:\/\/steelproc.com\/pt-pt\/blogue\/previsao-do-mercado-do-aco-para-2025-o-que-esta-no-horizonte\/\" >\n\t\t\t\tPrevis\u00e3o do mercado do a\u00e7o para 2025: O que est\u00e1 no horizonte?\t\t\t<\/a>\n\t\t<\/h3>\n\t\t\t\t<div class=\"elementor-post__excerpt\">\n\t\t\t<p>A ind\u00fastria do a\u00e7o \u00e9 constantemente moldada por condi\u00e7\u00f5es econ\u00f3micas em mudan\u00e7a, pol\u00edticas governamentais e<\/p>\n\t\t<\/div>\n\t\t\n\t\t<a class=\"elementor-post__read-more\" href=\"https:\/\/steelproc.com\/pt-pt\/blogue\/previsao-do-mercado-do-aco-para-2025-o-que-esta-no-horizonte\/\" aria-label=\"Read more about Previs\u00e3o do mercado do a\u00e7o para 2025: O que est\u00e1 no horizonte?\" tabindex=\"-1\" >\n\t\t\tLeia mais \"\t\t<\/a>\n\n\t\t\t\t<\/div>\n\t\t\t\t<div class=\"elementor-post__meta-data\">\n\t\t\t\t\t<span class=\"elementor-post-date\">\n\t\t\t30 de Outubro de 2024\t\t<\/span>\n\t\t\t\t<\/div>\n\t\t\t\t\t<\/div>\n\t\t<\/article>\n\t\t\t\t<article class=\"elementor-post elementor-grid-item post-2022 post type-post status-publish format-standard has-post-thumbnail hentry category-blogue\">\n\t\t\t<div class=\"elementor-post__card\">\n\t\t\t\t<a class=\"elementor-post__thumbnail__link\" href=\"https:\/\/steelproc.com\/pt-pt\/blogue\/como-o-software-de-aprovisionamento-esta-a-revolucionar-a-industria-do-aco\/\" tabindex=\"-1\" ><div class=\"elementor-post__thumbnail\"><img decoding=\"async\" width=\"1024\" height=\"640\" src=\"https:\/\/steelproc.com\/wp-content\/uploads\/2024\/10\/Steel-Industry-4.0-1024x640-1.jpg\" class=\"attachment-full size-full wp-image-1941\" alt=\"\" srcset=\"https:\/\/steelproc.com\/wp-content\/uploads\/2024\/10\/Steel-Industry-4.0-1024x640-1.jpg 1024w, https:\/\/steelproc.com\/wp-content\/uploads\/2024\/10\/Steel-Industry-4.0-1024x640-1-300x188.jpg 300w, https:\/\/steelproc.com\/wp-content\/uploads\/2024\/10\/Steel-Industry-4.0-1024x640-1-768x480.jpg 768w, https:\/\/steelproc.com\/wp-content\/uploads\/2024\/10\/Steel-Industry-4.0-1024x640-1-18x12.jpg 18w\" sizes=\"(max-width: 1024px) 100vw, 1024px\" \/><\/div><\/a>\n\t\t\t\t<div class=\"elementor-post__badge\">Blogue<\/div>\n\t\t\t\t<div class=\"elementor-post__text\">\n\t\t\t\t<h3 class=\"elementor-post__title\">\n\t\t\t<a href=\"https:\/\/steelproc.com\/pt-pt\/blogue\/como-o-software-de-aprovisionamento-esta-a-revolucionar-a-industria-do-aco\/\" >\n\t\t\t\tComo o software de aprovisionamento est\u00e1 a revolucionar a ind\u00fastria do a\u00e7o\t\t\t<\/a>\n\t\t<\/h3>\n\t\t\t\t<div class=\"elementor-post__excerpt\">\n\t\t\t<p>Gerir a cadeia de fornecimento na ind\u00fastria do a\u00e7o n\u00e3o \u00e9 tarefa f\u00e1cil. Desde encontrar<\/p>\n\t\t<\/div>\n\t\t\n\t\t<a class=\"elementor-post__read-more\" href=\"https:\/\/steelproc.com\/pt-pt\/blogue\/como-o-software-de-aprovisionamento-esta-a-revolucionar-a-industria-do-aco\/\" aria-label=\"Read more about Como o software de aprovisionamento est\u00e1 a revolucionar a ind\u00fastria do a\u00e7o\" tabindex=\"-1\" >\n\t\t\tLeia mais \"\t\t<\/a>\n\n\t\t\t\t<\/div>\n\t\t\t\t<div class=\"elementor-post__meta-data\">\n\t\t\t\t\t<span class=\"elementor-post-date\">\n\t\t\t30 de Outubro de 2024\t\t<\/span>\n\t\t\t\t<\/div>\n\t\t\t\t\t<\/div>\n\t\t<\/article>\n\t\t\t\t<article class=\"elementor-post elementor-grid-item post-2024 post type-post status-publish format-standard has-post-thumbnail hentry category-blogue\">\n\t\t\t<div class=\"elementor-post__card\">\n\t\t\t\t<a class=\"elementor-post__thumbnail__link\" href=\"https:\/\/steelproc.com\/pt-pt\/blogue\/hrc-crc-e-hdg-diferencas-e-utilizacoes-dos-tipos-de-bobinas-de-aco\/\" tabindex=\"-1\" ><div class=\"elementor-post__thumbnail\"><img decoding=\"async\" width=\"1500\" height=\"1000\" src=\"https:\/\/steelproc.com\/wp-content\/uploads\/2024\/10\/warehouse-1.jpg\" class=\"attachment-full size-full wp-image-1935\" alt=\"\" srcset=\"https:\/\/steelproc.com\/wp-content\/uploads\/2024\/10\/warehouse-1.jpg 1500w, https:\/\/steelproc.com\/wp-content\/uploads\/2024\/10\/warehouse-1-300x200.jpg 300w, https:\/\/steelproc.com\/wp-content\/uploads\/2024\/10\/warehouse-1-1024x683.jpg 1024w, https:\/\/steelproc.com\/wp-content\/uploads\/2024\/10\/warehouse-1-768x512.jpg 768w, https:\/\/steelproc.com\/wp-content\/uploads\/2024\/10\/warehouse-1-18x12.jpg 18w\" sizes=\"(max-width: 1500px) 100vw, 1500px\" \/><\/div><\/a>\n\t\t\t\t<div class=\"elementor-post__badge\">Blogue<\/div>\n\t\t\t\t<div class=\"elementor-post__text\">\n\t\t\t\t<h3 class=\"elementor-post__title\">\n\t\t\t<a href=\"https:\/\/steelproc.com\/pt-pt\/blogue\/hrc-crc-e-hdg-diferencas-e-utilizacoes-dos-tipos-de-bobinas-de-aco\/\" >\n\t\t\t\tHRC, CRC e HDG: Diferen\u00e7as e utiliza\u00e7\u00f5es dos tipos de bobinas de a\u00e7o\t\t\t<\/a>\n\t\t<\/h3>\n\t\t\t\t<div class=\"elementor-post__excerpt\">\n\t\t\t<p>Quando se trata de escolher o a\u00e7o, conhecer as diferen\u00e7as entre tipos como HRC, CRC<\/p>\n\t\t<\/div>\n\t\t\n\t\t<a class=\"elementor-post__read-more\" href=\"https:\/\/steelproc.com\/pt-pt\/blogue\/hrc-crc-e-hdg-diferencas-e-utilizacoes-dos-tipos-de-bobinas-de-aco\/\" aria-label=\"Read more about HRC, CRC e HDG: Diferen\u00e7as e utiliza\u00e7\u00f5es dos tipos de bobinas de a\u00e7o\" tabindex=\"-1\" >\n\t\t\tLeia mais \"\t\t<\/a>\n\n\t\t\t\t<\/div>\n\t\t\t\t<div class=\"elementor-post__meta-data\">\n\t\t\t\t\t<span class=\"elementor-post-date\">\n\t\t\t30 de Outubro de 2024\t\t<\/span>\n\t\t\t\t<\/div>\n\t\t\t\t\t<\/div>\n\t\t<\/article>\n\t\t\t\t<article class=\"elementor-post elementor-grid-item post-2026 post type-post status-publish format-standard has-post-thumbnail hentry category-blogue\">\n\t\t\t<div class=\"elementor-post__card\">\n\t\t\t\t<a class=\"elementor-post__thumbnail__link\" href=\"https:\/\/steelproc.com\/pt-pt\/blogue\/o-que-e-a-automatizacao-de-pedidos-de-cotacao-e-como-e-que-beneficia-os-compradores-de-aco\/\" tabindex=\"-1\" ><div class=\"elementor-post__thumbnail\"><img loading=\"lazy\" decoding=\"async\" width=\"1001\" height=\"1500\" src=\"https:\/\/steelproc.com\/wp-content\/uploads\/2024\/10\/923-1.jpg\" class=\"attachment-full size-full wp-image-1827\" alt=\"\" srcset=\"https:\/\/steelproc.com\/wp-content\/uploads\/2024\/10\/923-1.jpg 1001w, https:\/\/steelproc.com\/wp-content\/uploads\/2024\/10\/923-1-200x300.jpg 200w, https:\/\/steelproc.com\/wp-content\/uploads\/2024\/10\/923-1-683x1024.jpg 683w, https:\/\/steelproc.com\/wp-content\/uploads\/2024\/10\/923-1-768x1151.jpg 768w\" sizes=\"(max-width: 1001px) 100vw, 1001px\" \/><\/div><\/a>\n\t\t\t\t<div class=\"elementor-post__badge\">Blogue<\/div>\n\t\t\t\t<div class=\"elementor-post__text\">\n\t\t\t\t<h3 class=\"elementor-post__title\">\n\t\t\t<a href=\"https:\/\/steelproc.com\/pt-pt\/blogue\/o-que-e-a-automatizacao-de-pedidos-de-cotacao-e-como-e-que-beneficia-os-compradores-de-aco\/\" >\n\t\t\t\tO que \u00e9 a automatiza\u00e7\u00e3o de pedidos de cota\u00e7\u00e3o e como \u00e9 que beneficia os compradores de a\u00e7o?\t\t\t<\/a>\n\t\t<\/h3>\n\t\t\t\t<div class=\"elementor-post__excerpt\">\n\t\t\t<p>O processo de RFQ (Request for Quotation) \u00e9 essencial para os compradores de a\u00e7o. No<\/p>\n\t\t<\/div>\n\t\t\n\t\t<a class=\"elementor-post__read-more\" href=\"https:\/\/steelproc.com\/pt-pt\/blogue\/o-que-e-a-automatizacao-de-pedidos-de-cotacao-e-como-e-que-beneficia-os-compradores-de-aco\/\" aria-label=\"Read more about O que \u00e9 a automatiza\u00e7\u00e3o de pedidos de cota\u00e7\u00e3o e como \u00e9 que beneficia os compradores de a\u00e7o?\" tabindex=\"-1\" >\n\t\t\tLeia mais \"\t\t<\/a>\n\n\t\t\t\t<\/div>\n\t\t\t\t<div class=\"elementor-post__meta-data\">\n\t\t\t\t\t<span class=\"elementor-post-date\">\n\t\t\t29 de Outubro de 2024\t\t<\/span>\n\t\t\t\t<\/div>\n\t\t\t\t\t<\/div>\n\t\t<\/article>\n\t\t\t\t<article class=\"elementor-post elementor-grid-item post-2028 post type-post status-publish format-standard has-post-thumbnail hentry category-blogue\">\n\t\t\t<div class=\"elementor-post__card\">\n\t\t\t\t<a class=\"elementor-post__thumbnail__link\" href=\"https:\/\/steelproc.com\/pt-pt\/blogue\/guia-completo-para-comprar-aco-online-em-2024\/\" tabindex=\"-1\" ><div class=\"elementor-post__thumbnail\"><img loading=\"lazy\" decoding=\"async\" width=\"1500\" height=\"1000\" src=\"https:\/\/steelproc.com\/wp-content\/uploads\/2024\/10\/8093.jpg\" class=\"attachment-full size-full wp-image-1932\" alt=\"\" srcset=\"https:\/\/steelproc.com\/wp-content\/uploads\/2024\/10\/8093.jpg 1500w, https:\/\/steelproc.com\/wp-content\/uploads\/2024\/10\/8093-300x200.jpg 300w, https:\/\/steelproc.com\/wp-content\/uploads\/2024\/10\/8093-1024x683.jpg 1024w, https:\/\/steelproc.com\/wp-content\/uploads\/2024\/10\/8093-768x512.jpg 768w\" sizes=\"(max-width: 1500px) 100vw, 1500px\" \/><\/div><\/a>\n\t\t\t\t<div class=\"elementor-post__badge\">Blogue<\/div>\n\t\t\t\t<div class=\"elementor-post__text\">\n\t\t\t\t<h3 class=\"elementor-post__title\">\n\t\t\t<a href=\"https:\/\/steelproc.com\/pt-pt\/blogue\/guia-completo-para-comprar-aco-online-em-2024\/\" >\n\t\t\t\tGuia completo para comprar a\u00e7o online em 2024\t\t\t<\/a>\n\t\t<\/h3>\n\t\t\t\t<div class=\"elementor-post__excerpt\">\n\t\t\t<p>A compra de a\u00e7o online revolucionou a ind\u00fastria, permitindo \u00e0s empresas aceder a fornecedores globais<\/p>\n\t\t<\/div>\n\t\t\n\t\t<a class=\"elementor-post__read-more\" href=\"https:\/\/steelproc.com\/pt-pt\/blogue\/guia-completo-para-comprar-aco-online-em-2024\/\" aria-label=\"Read more about Guia completo para comprar a\u00e7o online em 2024\" tabindex=\"-1\" >\n\t\t\tLeia mais \"\t\t<\/a>\n\n\t\t\t\t<\/div>\n\t\t\t\t<div class=\"elementor-post__meta-data\">\n\t\t\t\t\t<span class=\"elementor-post-date\">\n\t\t\t29 de Outubro de 2024\t\t<\/span>\n\t\t\t\t<\/div>\n\t\t\t\t\t<\/div>\n\t\t<\/article>\n\t\t\t\t<\/div>\n\t\t\n\t\t\t\t\t\t<\/div>\n\t\t\t\t<\/div>\n\t\t\t\t<\/div>\n\t\t\t\t\t<\/div>\n\t\t\t\t<\/div>\n\t\t\t\t<\/div>\n\t\t","protected":false},"excerpt":{"rendered":"","protected":false},"author":1,"featured_media":0,"parent":0,"menu_order":0,"comment_status":"closed","ping_status":"closed","template":"","meta":{"footnotes":""},"class_list":["post-1973","page","type-page","status-publish","hentry"],"_links":{"self":[{"href":"https:\/\/steelproc.com\/pt-pt\/wp-json\/wp\/v2\/pages\/1973","targetHints":{"allow":["GET"]}}],"collection":[{"href":"https:\/\/steelproc.com\/pt-pt\/wp-json\/wp\/v2\/pages"}],"about":[{"href":"https:\/\/steelproc.com\/pt-pt\/wp-json\/wp\/v2\/types\/page"}],"author":[{"embeddable":true,"href":"https:\/\/steelproc.com\/pt-pt\/wp-json\/wp\/v2\/users\/1"}],"replies":[{"embeddable":true,"href":"https:\/\/steelproc.com\/pt-pt\/wp-json\/wp\/v2\/comments?post=1973"}],"version-history":[{"count":1,"href":"https:\/\/steelproc.com\/pt-pt\/wp-json\/wp\/v2\/pages\/1973\/revisions"}],"predecessor-version":[{"id":1974,"href":"https:\/\/steelproc.com\/pt-pt\/wp-json\/wp\/v2\/pages\/1973\/revisions\/1974"}],"wp:attachment":[{"href":"https:\/\/steelproc.com\/pt-pt\/wp-json\/wp\/v2\/media?parent=1973"}],"curies":[{"name":"wp","href":"https:\/\/api.w.org\/{rel}","templated":true}]}}